{"id":1590,"date":"2025-03-18T17:09:37","date_gmt":"2025-03-18T17:09:37","guid":{"rendered":"https:\/\/activitatsiserveis.com\/?page_id=1590"},"modified":"2025-03-18T17:10:15","modified_gmt":"2025-03-18T17:10:15","slug":"aviso-legal","status":"publish","type":"page","link":"https:\/\/activitatsiserveis.com\/es\/aviso-legal\/","title":{"rendered":"Aviso legal"},"content":{"rendered":"\n<p>En cumplimiento con el deber de informaci\u00f3n recogido en art\u00edculo 10 de la Ley 34\/2002, de 11 de julio, de Servicios de la Sociedad de la Informaci\u00f3n y del Comercio Electr\u00f3nico (LSSICE), el propietario de la web https:\/\/activitatsiserveis.com, le informa de lo siguiente:<\/p>\n\n\n\n<p>Denominaci\u00f3n social: NETEGES CENDRASSOS S.L.<\/p>\n\n\n\n<p>NIF: B72907330<\/p>\n\n\n\n<p>Domicilio: C\/ Cendrassos, 22, 17600 &#8211; Figueras (Gerona)<\/p>\n\n\n\n<p>Inscrita en el Registro Mercantil de Girona al Tomo 3415, folio 186, secci\u00f3n 8, hoja n\u00famero 71343, inscripci\u00f3n 1<\/p>\n\n\n\n<p>Con los l\u00edmites establecidos en la ley, https:\/\/activitatsiserveis.com no asume ninguna responsabilidad derivada de la falta de veracidad, integridad, actualizaci\u00f3n y precisi\u00f3n de los datos o informaciones que se contienen en sus p\u00e1ginas de Internet.<\/p>\n\n\n\n<p>Los contenidos e informaci\u00f3n no vinculan a https:\/\/activitatsiserveis.com ni constituyen opiniones, consejos o asesoramiento legal de ning\u00fan tipo pues se trata meramente de un servicio ofrecido con car\u00e1cter informativo y divulgativo.<\/p>\n\n\n\n<p>Las p\u00e1ginas de Internet de https:\/\/activitatsiserveis.com pueden contener enlaces (links) a otras p\u00e1ginas de terceras partes que https:\/\/activitatsiserveis.com no puede controlar. Por lo tanto, https:\/\/activitatsiserveis.com no puede asumir responsabilidades por el contenido que pueda aparecer en p\u00e1ginas de terceros.<\/p>\n\n\n\n<p>Los textos, im\u00e1genes, sonidos, animaciones, software y el resto de contenidos incluidos en este website son propiedad exclusiva de https:\/\/activitatsiserveis.com o sus licenciantes. Cualquier acto de transmisi\u00f3n, distribuci\u00f3n, cesi\u00f3n, reproducci\u00f3n, almacenamiento o comunicaci\u00f3n p\u00fablica total o parcial, debe contar con el consentimiento expreso de https:\/\/activitatsiserveis.com.<\/p>\n\n\n\n<p>Asimismo, para acceder a algunos de los servicios que https:\/\/activitatsiserveis.com ofrece a trav\u00e9s del website deber\u00e1 proporcionar algunos datos de car\u00e1cter personal. En cumplimiento de lo establecido en el Reglamento (UE) 2016\/679 del Parlamento Europeo y del Consejo, de 27 de abril de 2016, relativo a la protecci\u00f3n de las personas f\u00edsicas en lo que respecta al tratamiento de datos personales y a la libre circulaci\u00f3n de estos datos le informamos que, mediante la cumplimentaci\u00f3n de los presentes formularios, sus datos personales quedar\u00e1n incorporados y ser\u00e1n tratados en los ficheros de NETEGES CENDRASSOS S.L. con el fin de poderle prestar y ofrecer nuestros servicios as\u00ed como para informarle de las mejoras del sitio Web. Asimismo, le informamos de la posibilidad de que ejerza los derechos de acceso, rectificaci\u00f3n, cancelaci\u00f3n y oposici\u00f3n de sus datos de car\u00e1cter personal, manera gratuita mediante email a acserset@gmail.com o en la direcci\u00f3n C\/ Cendrassos, 22, 17600 &#8211; Figueras (Gerona).<\/p>\n","protected":false},"excerpt":{"rendered":"<p>En cumplimiento con el deber de informaci&oacute;n recogido en art&iacute;culo 10 de la Ley 34\/2002, de 11 de julio, de Servicios de la Sociedad de la Informaci&oacute;n y del Comercio Electr&oacute;nico (LSSICE), el propietario de la web https:\/\/activitatsiserveis.com, le informa de lo siguiente: Denominaci&oacute;n social: NETEGES CENDRASSOS S.L. NIF: B72907330 Domicilio: C\/ Cendrassos, 22, 17600&#8230;<\/p>\n","protected":false},"author":1,"featured_media":0,"parent":0,"menu_order":0,"comment_status":"closed","ping_status":"closed","template":"","meta":{"_kad_post_transparent":"","_kad_post_title":"","_kad_post_layout":"","_kad_post_sidebar_id":"","_kad_post_content_style":"","_kad_post_vertical_padding":"","_kad_post_feature":"","_kad_post_feature_position":"","_kad_post_header":false,"_kad_post_footer":false,"_kad_post_classname":"","footnotes":""},"class_list":["post-1590","page","type-page","status-publish","hentry"],"yoast_head":"<!-- This site is optimized with the Yoast SEO plugin v27.4 - https:\/\/yoast.com\/product\/yoast-seo-wordpress\/ -->\n<title>Aviso legal - Activitats i Serveis<\/title>\n<meta name=\"robots\" content=\"noindex, nofollow\" \/>\n<meta property=\"og:locale\" content=\"es_ES\" \/>\n<meta property=\"og:type\" content=\"article\" \/>\n<meta property=\"og:title\" content=\"Aviso legal - Activitats i Serveis\" \/>\n<meta property=\"og:description\" content=\"En cumplimiento con el deber de informaci&oacute;n recogido en art&iacute;culo 10 de la Ley 34\/2002, de 11 de julio, de Servicios de la Sociedad de la Informaci&oacute;n y del Comercio Electr&oacute;nico (LSSICE), el propietario de la web https:\/\/activitatsiserveis.com, le informa de lo siguiente: Denominaci&oacute;n social: NETEGES CENDRASSOS S.L. NIF: B72907330 Domicilio: C\/ Cendrassos, 22, 17600...\" \/>\n<meta property=\"og:url\" content=\"https:\/\/activitatsiserveis.com\/es\/aviso-legal\/\" \/>\n<meta property=\"og:site_name\" content=\"Activitats i Serveis\" \/>\n<meta property=\"article:publisher\" content=\"https:\/\/www.facebook.com\/activitatsiserveis\/\" \/>\n<meta property=\"article:modified_time\" content=\"2025-03-18T17:10:15+00:00\" \/>\n<meta name=\"twitter:card\" content=\"summary_large_image\" \/>\n<meta name=\"twitter:label1\" content=\"Tiempo de lectura\" \/>\n\t<meta name=\"twitter:data1\" content=\"3 minutos\" \/>\n<script type=\"application\/ld+json\" class=\"yoast-schema-graph\">{\"@context\":\"https:\\\/\\\/schema.org\",\"@graph\":[{\"@type\":\"WebPage\",\"@id\":\"https:\\\/\\\/activitatsiserveis.com\\\/es\\\/aviso-legal\\\/\",\"url\":\"https:\\\/\\\/activitatsiserveis.com\\\/es\\\/aviso-legal\\\/\",\"name\":\"Aviso legal - Activitats i Serveis\",\"isPartOf\":{\"@id\":\"https:\\\/\\\/activitatsiserveis.com\\\/es\\\/#website\"},\"datePublished\":\"2025-03-18T17:09:37+00:00\",\"dateModified\":\"2025-03-18T17:10:15+00:00\",\"breadcrumb\":{\"@id\":\"https:\\\/\\\/activitatsiserveis.com\\\/es\\\/aviso-legal\\\/#breadcrumb\"},\"inLanguage\":\"es\",\"potentialAction\":[{\"@type\":\"ReadAction\",\"target\":[\"https:\\\/\\\/activitatsiserveis.com\\\/es\\\/aviso-legal\\\/\"]}]},{\"@type\":\"BreadcrumbList\",\"@id\":\"https:\\\/\\\/activitatsiserveis.com\\\/es\\\/aviso-legal\\\/#breadcrumb\",\"itemListElement\":[{\"@type\":\"ListItem\",\"position\":1,\"name\":\"Inici\",\"item\":\"https:\\\/\\\/activitatsiserveis.com\\\/es\\\/\"},{\"@type\":\"ListItem\",\"position\":2,\"name\":\"Aviso legal\"}]},{\"@type\":\"WebSite\",\"@id\":\"https:\\\/\\\/activitatsiserveis.com\\\/es\\\/#website\",\"url\":\"https:\\\/\\\/activitatsiserveis.com\\\/es\\\/\",\"name\":\"Activitats i Serveis\",\"description\":\"Empresa de neteja referent a l\u2019Alt Empord\u00e0\",\"publisher\":{\"@id\":\"https:\\\/\\\/activitatsiserveis.com\\\/es\\\/#organization\"},\"potentialAction\":[{\"@type\":\"SearchAction\",\"target\":{\"@type\":\"EntryPoint\",\"urlTemplate\":\"https:\\\/\\\/activitatsiserveis.com\\\/es\\\/?s={search_term_string}\"},\"query-input\":{\"@type\":\"PropertyValueSpecification\",\"valueRequired\":true,\"valueName\":\"search_term_string\"}}],\"inLanguage\":\"es\"},{\"@type\":\"Organization\",\"@id\":\"https:\\\/\\\/activitatsiserveis.com\\\/es\\\/#organization\",\"name\":\"Activitats i Serveis\",\"url\":\"https:\\\/\\\/activitatsiserveis.com\\\/es\\\/\",\"logo\":{\"@type\":\"ImageObject\",\"inLanguage\":\"es\",\"@id\":\"https:\\\/\\\/activitatsiserveis.com\\\/es\\\/#\\\/schema\\\/logo\\\/image\\\/\",\"url\":\"https:\\\/\\\/activitatsiserveis.com\\\/wp-content\\\/uploads\\\/2023\\\/04\\\/Logo-Activitats-i-serveis.png\",\"contentUrl\":\"https:\\\/\\\/activitatsiserveis.com\\\/wp-content\\\/uploads\\\/2023\\\/04\\\/Logo-Activitats-i-serveis.png\",\"width\":400,\"height\":135,\"caption\":\"Activitats i Serveis\"},\"image\":{\"@id\":\"https:\\\/\\\/activitatsiserveis.com\\\/es\\\/#\\\/schema\\\/logo\\\/image\\\/\"},\"sameAs\":[\"https:\\\/\\\/www.facebook.com\\\/activitatsiserveis\\\/\"]}]}<\/script>\n<!-- \/ Yoast SEO plugin. -->","yoast_head_json":{"title":"Aviso legal - Activitats i Serveis","robots":{"index":"noindex","follow":"nofollow"},"og_locale":"es_ES","og_type":"article","og_title":"Aviso legal - Activitats i Serveis","og_description":"En cumplimiento con el deber de informaci&oacute;n recogido en art&iacute;culo 10 de la Ley 34\/2002, de 11 de julio, de Servicios de la Sociedad de la Informaci&oacute;n y del Comercio Electr&oacute;nico (LSSICE), el propietario de la web https:\/\/activitatsiserveis.com, le informa de lo siguiente: Denominaci&oacute;n social: NETEGES CENDRASSOS S.L. NIF: B72907330 Domicilio: C\/ Cendrassos, 22, 17600...","og_url":"https:\/\/activitatsiserveis.com\/es\/aviso-legal\/","og_site_name":"Activitats i Serveis","article_publisher":"https:\/\/www.facebook.com\/activitatsiserveis\/","article_modified_time":"2025-03-18T17:10:15+00:00","twitter_card":"summary_large_image","twitter_misc":{"Tiempo de lectura":"3 minutos"},"schema":{"@context":"https:\/\/schema.org","@graph":[{"@type":"WebPage","@id":"https:\/\/activitatsiserveis.com\/es\/aviso-legal\/","url":"https:\/\/activitatsiserveis.com\/es\/aviso-legal\/","name":"Aviso legal - Activitats i Serveis","isPartOf":{"@id":"https:\/\/activitatsiserveis.com\/es\/#website"},"datePublished":"2025-03-18T17:09:37+00:00","dateModified":"2025-03-18T17:10:15+00:00","breadcrumb":{"@id":"https:\/\/activitatsiserveis.com\/es\/aviso-legal\/#breadcrumb"},"inLanguage":"es","potentialAction":[{"@type":"ReadAction","target":["https:\/\/activitatsiserveis.com\/es\/aviso-legal\/"]}]},{"@type":"BreadcrumbList","@id":"https:\/\/activitatsiserveis.com\/es\/aviso-legal\/#breadcrumb","itemListElement":[{"@type":"ListItem","position":1,"name":"Inici","item":"https:\/\/activitatsiserveis.com\/es\/"},{"@type":"ListItem","position":2,"name":"Aviso legal"}]},{"@type":"WebSite","@id":"https:\/\/activitatsiserveis.com\/es\/#website","url":"https:\/\/activitatsiserveis.com\/es\/","name":"Activitats i Serveis","description":"Empresa de neteja referent a l\u2019Alt Empord\u00e0","publisher":{"@id":"https:\/\/activitatsiserveis.com\/es\/#organization"},"potentialAction":[{"@type":"SearchAction","target":{"@type":"EntryPoint","urlTemplate":"https:\/\/activitatsiserveis.com\/es\/?s={search_term_string}"},"query-input":{"@type":"PropertyValueSpecification","valueRequired":true,"valueName":"search_term_string"}}],"inLanguage":"es"},{"@type":"Organization","@id":"https:\/\/activitatsiserveis.com\/es\/#organization","name":"Activitats i Serveis","url":"https:\/\/activitatsiserveis.com\/es\/","logo":{"@type":"ImageObject","inLanguage":"es","@id":"https:\/\/activitatsiserveis.com\/es\/#\/schema\/logo\/image\/","url":"https:\/\/activitatsiserveis.com\/wp-content\/uploads\/2023\/04\/Logo-Activitats-i-serveis.png","contentUrl":"https:\/\/activitatsiserveis.com\/wp-content\/uploads\/2023\/04\/Logo-Activitats-i-serveis.png","width":400,"height":135,"caption":"Activitats i Serveis"},"image":{"@id":"https:\/\/activitatsiserveis.com\/es\/#\/schema\/logo\/image\/"},"sameAs":["https:\/\/www.facebook.com\/activitatsiserveis\/"]}]}},"_links":{"self":[{"href":"https:\/\/activitatsiserveis.com\/es\/wp-json\/wp\/v2\/pages\/1590","targetHints":{"allow":["GET"]}}],"collection":[{"href":"https:\/\/activitatsiserveis.com\/es\/wp-json\/wp\/v2\/pages"}],"about":[{"href":"https:\/\/activitatsiserveis.com\/es\/wp-json\/wp\/v2\/types\/page"}],"author":[{"embeddable":true,"href":"https:\/\/activitatsiserveis.com\/es\/wp-json\/wp\/v2\/users\/1"}],"replies":[{"embeddable":true,"href":"https:\/\/activitatsiserveis.com\/es\/wp-json\/wp\/v2\/comments?post=1590"}],"version-history":[{"count":0,"href":"https:\/\/activitatsiserveis.com\/es\/wp-json\/wp\/v2\/pages\/1590\/revisions"}],"wp:attachment":[{"href":"https:\/\/activitatsiserveis.com\/es\/wp-json\/wp\/v2\/media?parent=1590"}],"curies":[{"name":"wp","href":"https:\/\/api.w.org\/{rel}","templated":true}]}}